{"id":189,"date":"2020-10-20T11:16:09","date_gmt":"2020-10-20T11:16:09","guid":{"rendered":"https:\/\/afc.deckstein.info\/?page_id=6"},"modified":"2020-10-20T11:16:09","modified_gmt":"2020-10-20T11:16:09","slug":"das-neue-museum-oeffnet-seine-tueren-2","status":"publish","type":"page","link":"https:\/\/afc-quality.de\/en\/","title":{"rendered":"AFC-Quality"},"content":{"rendered":"<h2><b>unser Ziel<\/b><\/h2>\n<p>Was k\u00f6nnen wir f\u00fcr Sie im Zuliefererbereich Qualit\u00e4tsmanagement f\u00fcr die Automobilindustrie tun?<br \/>\nIn einer komplexer werdenden Welt mit massivem Wettbewerbsdruck und stetiger Globalisierung m\u00fcssen Sie als Zulieferer der Autoindustrie bem\u00fcht sein um:<\/p>\n<ul type=\"disc\">\n<li>\n<h2>Prozessoptimierung<\/h2>\n<\/li>\n<li>\n<h2>Kosteneinsparung<\/h2>\n<\/li>\n<li>\n<h2>Zeiteinsparung<\/h2>\n<\/li>\n<li>\n<h2>Konzentration auf Ihre Kernkompetenzen<\/h2>\n<\/li>\n<\/ul>\n<p>Damit sind Sie bei uns an der richtigen Adresse, denn wir sind die Spezialisten im Bereich Qualit\u00e4tsmanagement Kfz-Teile und Karosserien.<br \/>\nBei uns erhalten Sie stets unabh\u00e4ngige Beratungsqualit\u00e4t. \u00dcberzeugen Sie sich selbst davon!<br \/>\nAuf unseren Internet-Seiten finden Sie detaillierte Informationen \u00fcber unseren Service und Leistungen.<br \/>\nVertrauen Sie sich unserem erfahrenen und qualit\u00e4tsbewussten Team an.<br \/>\nDie Qualit\u00e4t Ihrer Produkte nach beendeter Arbeit ist unsere Referenz.<\/p>","protected":false},"excerpt":{"rendered":"<p>unser Ziel Was k\u00f6nnen wir f\u00fcr Sie im Zuliefererbereich Qualit\u00e4tsmanagement f\u00fcr die Automobilindustrie tun? In einer komplexer werdenden Welt mit massivem Wettbewerbsdruck und stetiger Globalisierung m\u00fcssen Sie als Zulieferer der Autoindustrie bem\u00fcht sein um: Prozessoptimierung Kosteneinsparung Zeiteinsparung Konzentration auf Ihre Kernkompetenzen Damit sind Sie bei uns an der richtigen Adresse,&#8230;<\/p>\n<p> <a class=\"continue-reading-link\" href=\"https:\/\/afc-quality.de\/en\/\"><span>Continue reading<\/span><i class=\"crycon-right-dir\"><\/i><\/a> <\/p>","protected":false},"author":1,"featured_media":9,"parent":0,"menu_order":0,"comment_status":"closed","ping_status":"closed","template":"","meta":{"footnotes":""},"_links":{"self":[{"href":"https:\/\/afc-quality.de\/en\/wp-json\/wp\/v2\/pages\/189"}],"collection":[{"href":"https:\/\/afc-quality.de\/en\/wp-json\/wp\/v2\/pages"}],"about":[{"href":"https:\/\/afc-quality.de\/en\/wp-json\/wp\/v2\/types\/page"}],"author":[{"embeddable":true,"href":"https:\/\/afc-quality.de\/en\/wp-json\/wp\/v2\/users\/1"}],"replies":[{"embeddable":true,"href":"https:\/\/afc-quality.de\/en\/wp-json\/wp\/v2\/comments?post=189"}],"version-history":[{"count":0,"href":"https:\/\/afc-quality.de\/en\/wp-json\/wp\/v2\/pages\/189\/revisions"}],"wp:featuredmedia":[{"embeddable":true,"href":"https:\/\/afc-quality.de\/en\/wp-json\/wp\/v2\/media\/9"}],"wp:attachment":[{"href":"https:\/\/afc-quality.de\/en\/wp-json\/wp\/v2\/media?parent=189"}],"curies":[{"name":"wp","href":"https:\/\/api.w.org\/{rel}","templated":true}]}}