{"id":52,"date":"2020-11-06T16:53:53","date_gmt":"2020-11-06T16:53:53","guid":{"rendered":"https:\/\/afc.deckstein.info\/?page_id=52"},"modified":"2020-11-06T16:53:53","modified_gmt":"2020-11-06T16:53:53","slug":"dienstleistungen","status":"publish","type":"page","link":"https:\/\/afc-quality.de\/en\/dienstleistungen\/","title":{"rendered":"Dienstleistungen"},"content":{"rendered":"<h2><span style=\"color: #ffffff;\"><b>Dienstleist<\/b><b>ungen<\/b><\/span><\/h2>\n<ul type=\"circle\">\n<li><span style=\"color: #ffffff;\">24 Stunden Service<\/span><\/li>\n<li><span style=\"color: #ffffff;\">Qualit\u00e4tssicherung<\/span><\/li>\n<li><span style=\"color: #ffffff;\">Rework<\/span><\/li>\n<li><span style=\"color: #ffffff;\">Modifikationen<\/span><\/li>\n<li><span style=\"color: #ffffff;\">personelle Unterst\u00fctzung<\/span><\/li>\n<li><span style=\"color: #ffffff;\">detaillierte Berichterstattung<\/span><\/li>\n<li><span style=\"color: #ffffff;\">Produktanalysen und Prozesspr\u00fcfung<\/span><\/li>\n<li><span style=\"color: #ffffff;\">Qualit\u00e4tsverbesserungsvorschl\u00e4ge<\/span><\/li>\n<li><span style=\"color: #ffffff;\">innerbetriebliches Transportwesen<\/span><\/li>\n<li><span style=\"color: #ffffff;\">Logistics Support<\/span><\/li>\n<\/ul>","protected":false},"excerpt":{"rendered":"<p>Dienstleistungen 24 Stunden Service Qualit\u00e4tssicherung Rework Modifikationen personelle Unterst\u00fctzung detaillierte Berichterstattung Produktanalysen und Prozesspr\u00fcfung Qualit\u00e4tsverbesserungsvorschl\u00e4ge innerbetriebliches Transportwesen Logistics Support<\/p>\n<p> <a class=\"continue-reading-link\" href=\"https:\/\/afc-quality.de\/en\/dienstleistungen\/\"><span>Continue reading<\/span><i class=\"crycon-right-dir\"><\/i><\/a> <\/p>","protected":false},"author":1,"featured_media":0,"parent":0,"menu_order":20,"comment_status":"closed","ping_status":"closed","template":"","meta":{"footnotes":""},"_links":{"self":[{"href":"https:\/\/afc-quality.de\/en\/wp-json\/wp\/v2\/pages\/52"}],"collection":[{"href":"https:\/\/afc-quality.de\/en\/wp-json\/wp\/v2\/pages"}],"about":[{"href":"https:\/\/afc-quality.de\/en\/wp-json\/wp\/v2\/types\/page"}],"author":[{"embeddable":true,"href":"https:\/\/afc-quality.de\/en\/wp-json\/wp\/v2\/users\/1"}],"replies":[{"embeddable":true,"href":"https:\/\/afc-quality.de\/en\/wp-json\/wp\/v2\/comments?post=52"}],"version-history":[{"count":0,"href":"https:\/\/afc-quality.de\/en\/wp-json\/wp\/v2\/pages\/52\/revisions"}],"wp:attachment":[{"href":"https:\/\/afc-quality.de\/en\/wp-json\/wp\/v2\/media?parent=52"}],"curies":[{"name":"wp","href":"https:\/\/api.w.org\/{rel}","templated":true}]}}