{"id":54,"date":"2020-11-06T16:54:09","date_gmt":"2020-11-06T16:54:09","guid":{"rendered":"https:\/\/afc.deckstein.info\/?page_id=54"},"modified":"2020-11-06T16:54:09","modified_gmt":"2020-11-06T16:54:09","slug":"einsatzbereich","status":"publish","type":"page","link":"https:\/\/afc-quality.de\/en\/einsatzbereich\/","title":{"rendered":"Einsatzbereich"},"content":{"rendered":"<h2>Einsatzbereich<\/h2>\n<p>Im Automobilsektor sind unter Zeit- und Kostendruck komplexe Aufgabenstellungen aus Produktion, Logistik, Personal, IT und Qualit\u00e4tsmanagement zu bew\u00e4ltigen.<\/p>\n<p>Die Globalisierung und der enorme Wettbewerbsdruck verlangen einen st\u00e4ndigen Prozess der Weiterentwicklung. Dies erfordert Flexibilit\u00e4t und Einhaltung der hohen Qualit\u00e4tsstandards und -anspr\u00fcche.<\/p>\n<p>Die Zielerreichung zu einem fixen Datum muss sichergestellt sein.<\/p>\n<h3><span style=\"color: #55aaff;\"><i>Gemeinsam k\u00f6nnen wir Ihre Ziele effektiv und kosteng\u00fcnstig erreichen.<br \/>\n<\/i><\/span><\/h3>\n<h3><span style=\"color: #55aaff;\"><i>Qualit\u00e4t und Kundenzufriedenheit sind unsere h\u00f6chste Priorit\u00e4t.<\/i><\/span><\/h3>\n<p>Mit unserer jahrelangen Erfahrung und unserem Fachwissen im Automobilsektor bieten wir Ihnen eine Bandbreite an Dienstleistungen an, die es Ihnen erlaubt, auch in Ihrer Abwesenheit vor Ort, effizient und gleichzeitig kosteng\u00fcnstig zu sein.<\/p>\n<p>Speziell bei Projekten der Qualit\u00e4tssicherung sind wir Ihr zuverl\u00e4ssiger Partner, der die hohen Anspr\u00fcche an Zeit, Qualit\u00e4t und Kosten, zu Ihrem Vorteil umsetzt.<\/p>\n<p>Die Erhaltung Ihres hohen Qualit\u00e4tsstandards und Ihrer Produktivit\u00e4t ist unser Aufgabengebiet.<\/p>","protected":false},"excerpt":{"rendered":"<p>Einsatzbereich Im Automobilsektor sind unter Zeit- und Kostendruck komplexe Aufgabenstellungen aus Produktion, Logistik, Personal, IT und Qualit\u00e4tsmanagement zu bew\u00e4ltigen. Die Globalisierung und der enorme Wettbewerbsdruck verlangen einen st\u00e4ndigen Prozess der Weiterentwicklung. Dies erfordert Flexibilit\u00e4t und Einhaltung der hohen Qualit\u00e4tsstandards und -anspr\u00fcche. Die Zielerreichung zu einem fixen Datum muss sichergestellt sein&#8230;.<\/p>\n<p> <a class=\"continue-reading-link\" href=\"https:\/\/afc-quality.de\/en\/einsatzbereich\/\"><span>Continue reading<\/span><i class=\"crycon-right-dir\"><\/i><\/a> <\/p>","protected":false},"author":1,"featured_media":0,"parent":0,"menu_order":10,"comment_status":"closed","ping_status":"closed","template":"","meta":{"footnotes":""},"_links":{"self":[{"href":"https:\/\/afc-quality.de\/en\/wp-json\/wp\/v2\/pages\/54"}],"collection":[{"href":"https:\/\/afc-quality.de\/en\/wp-json\/wp\/v2\/pages"}],"about":[{"href":"https:\/\/afc-quality.de\/en\/wp-json\/wp\/v2\/types\/page"}],"author":[{"embeddable":true,"href":"https:\/\/afc-quality.de\/en\/wp-json\/wp\/v2\/users\/1"}],"replies":[{"embeddable":true,"href":"https:\/\/afc-quality.de\/en\/wp-json\/wp\/v2\/comments?post=54"}],"version-history":[{"count":0,"href":"https:\/\/afc-quality.de\/en\/wp-json\/wp\/v2\/pages\/54\/revisions"}],"wp:attachment":[{"href":"https:\/\/afc-quality.de\/en\/wp-json\/wp\/v2\/media?parent=54"}],"curies":[{"name":"wp","href":"https:\/\/api.w.org\/{rel}","templated":true}]}}