{"id":56,"date":"2020-11-06T16:54:29","date_gmt":"2020-11-06T16:54:29","guid":{"rendered":"https:\/\/afc.deckstein.info\/?page_id=56"},"modified":"2020-11-06T16:54:29","modified_gmt":"2020-11-06T16:54:29","slug":"faehigkeiten","status":"publish","type":"page","link":"https:\/\/afc-quality.de\/en\/faehigkeiten\/","title":{"rendered":"F\u00e4higkeiten"},"content":{"rendered":"<h2><span style=\"color: #ffffff;\"><b>F\u00e4higkeiten und Verfahren<\/b><\/span><\/h2>\n<p>Wir bieten Ihnen einen erstklassigen Service! Darauf k\u00f6nnen Sie sich verlassen.<\/p>\n<ul type=\"square\">\n<li>Einf\u00fchrungsmanagement<\/li>\n<li>Qualit\u00e4tsplanung<\/li>\n<li>Steuerungspl\u00e4ne<\/li>\n<li>Qualit\u00e4tsoptimierung<\/li>\n<li>Lieferantenentwicklung<\/li>\n<li>Gesch\u00e4ftsoptimierung<\/li>\n<li>Risikobeurteilung<\/li>\n<li>Training und Entwicklung<\/li>\n<\/ul>","protected":false},"excerpt":{"rendered":"<p>F\u00e4higkeiten und Verfahren Wir bieten Ihnen einen erstklassigen Service! Darauf k\u00f6nnen Sie sich verlassen. Einf\u00fchrungsmanagement Qualit\u00e4tsplanung Steuerungspl\u00e4ne Qualit\u00e4tsoptimierung Lieferantenentwicklung Gesch\u00e4ftsoptimierung Risikobeurteilung Training und Entwicklung<\/p>\n<p> <a class=\"continue-reading-link\" href=\"https:\/\/afc-quality.de\/en\/faehigkeiten\/\"><span>Continue reading<\/span><i class=\"crycon-right-dir\"><\/i><\/a> <\/p>","protected":false},"author":1,"featured_media":0,"parent":0,"menu_order":30,"comment_status":"closed","ping_status":"closed","template":"","meta":{"footnotes":""},"_links":{"self":[{"href":"https:\/\/afc-quality.de\/en\/wp-json\/wp\/v2\/pages\/56"}],"collection":[{"href":"https:\/\/afc-quality.de\/en\/wp-json\/wp\/v2\/pages"}],"about":[{"href":"https:\/\/afc-quality.de\/en\/wp-json\/wp\/v2\/types\/page"}],"author":[{"embeddable":true,"href":"https:\/\/afc-quality.de\/en\/wp-json\/wp\/v2\/users\/1"}],"replies":[{"embeddable":true,"href":"https:\/\/afc-quality.de\/en\/wp-json\/wp\/v2\/comments?post=56"}],"version-history":[{"count":0,"href":"https:\/\/afc-quality.de\/en\/wp-json\/wp\/v2\/pages\/56\/revisions"}],"wp:attachment":[{"href":"https:\/\/afc-quality.de\/en\/wp-json\/wp\/v2\/media?parent=56"}],"curies":[{"name":"wp","href":"https:\/\/api.w.org\/{rel}","templated":true}]}}