{"id":60,"date":"2020-11-06T16:55:01","date_gmt":"2020-11-06T16:55:01","guid":{"rendered":"https:\/\/afc.deckstein.info\/?page_id=60"},"modified":"2020-11-06T16:55:01","modified_gmt":"2020-11-06T16:55:01","slug":"wir-ueber-uns","status":"publish","type":"page","link":"https:\/\/afc-quality.de\/en\/wir-ueber-uns\/","title":{"rendered":"Wir \u00fcber uns"},"content":{"rendered":"<h2><span style=\"color: #ffffff;\"><b>Wir \u00fcber uns<\/b><\/span><\/h2>\n<p>Wir sind ein Team mit langj\u00e4hriger Erfahrung, welches durch kompetente Beratung und individuellen Service genau auf Ihre W\u00fcnsche eingeht und diese schnell und zu Ihrer vollsten Zufriedenheit erf\u00fcllt.<\/p>\n<p>Die Automobilindustrie ist komplex und ausufernd in ihrer Angebotsf\u00fclle.<\/p>\n<p>Wir helfen Ihnen, sich in dem Dickicht von Informationen, Ratschl\u00e4gen und Angeboten, rund um die Automobilproduktion zielsicher zurecht zu finden. Wir finden f\u00fcr Sie schnell und fachm\u00e4nnisch das Passende.<\/p>\n<p>Um die bestm\u00f6glichste Funktionalit\u00e4t von produktionsbedingten fehlerhaften Teilen wieder herbeizuf\u00fchren, sind unserer Kreativit\u00e4t und unserem Fachwissen keine Grenzen gesetzt.<\/p>\n<p>So stellen wir beispielsweise auftragsspezifische Formen, Lehren und Werkzeuge her.<\/p>\n<p>Dies wirkt sich sehr kosteng\u00fcnstig f\u00fcr unsere Kunden aus und gew\u00e4hrleistet uns eine schnelle und sichere Nacharbeit.<\/p>\n<ul>\n<li>Entlastung eigener Ressourcen &gt; Konzentration auf die Kernkompetenz<\/li>\n<li>Umwandlung Fixkosten in variable Kosten &gt; Kostenreduktion<\/li>\n<li>Flexibilit\u00e4t, sehr kurze Reaktionszeit &gt; Zeitersparnis<\/li>\n<li>qualifizierte, erfahrene Mitarbeiter &gt; Produktverbesserung<\/li>\n<li>PPM Vermeidung\/Reduzierung &gt; Kostenreduktion &amp; Statuserhaltung<\/li>\n<\/ul>","protected":false},"excerpt":{"rendered":"<p>Wir \u00fcber uns Wir sind ein Team mit langj\u00e4hriger Erfahrung, welches durch kompetente Beratung und individuellen Service genau auf Ihre W\u00fcnsche eingeht und diese schnell und zu Ihrer vollsten Zufriedenheit erf\u00fcllt. Die Automobilindustrie ist komplex und ausufernd in ihrer Angebotsf\u00fclle. Wir helfen Ihnen, sich in dem Dickicht von Informationen, Ratschl\u00e4gen&#8230;<\/p>\n<p> <a class=\"continue-reading-link\" href=\"https:\/\/afc-quality.de\/en\/wir-ueber-uns\/\"><span>Continue reading<\/span><i class=\"crycon-right-dir\"><\/i><\/a> <\/p>","protected":false},"author":1,"featured_media":0,"parent":0,"menu_order":50,"comment_status":"closed","ping_status":"closed","template":"","meta":{"footnotes":""},"_links":{"self":[{"href":"https:\/\/afc-quality.de\/en\/wp-json\/wp\/v2\/pages\/60"}],"collection":[{"href":"https:\/\/afc-quality.de\/en\/wp-json\/wp\/v2\/pages"}],"about":[{"href":"https:\/\/afc-quality.de\/en\/wp-json\/wp\/v2\/types\/page"}],"author":[{"embeddable":true,"href":"https:\/\/afc-quality.de\/en\/wp-json\/wp\/v2\/users\/1"}],"replies":[{"embeddable":true,"href":"https:\/\/afc-quality.de\/en\/wp-json\/wp\/v2\/comments?post=60"}],"version-history":[{"count":0,"href":"https:\/\/afc-quality.de\/en\/wp-json\/wp\/v2\/pages\/60\/revisions"}],"wp:attachment":[{"href":"https:\/\/afc-quality.de\/en\/wp-json\/wp\/v2\/media?parent=60"}],"curies":[{"name":"wp","href":"https:\/\/api.w.org\/{rel}","templated":true}]}}